{"id":286,"date":"2016-10-31T13:17:59","date_gmt":"2016-10-31T16:17:59","guid":{"rendered":"https:\/\/isfd1-sgo.infd.edu.ar\/sitio\/?page_id=286"},"modified":"2021-04-13T02:50:54","modified_gmt":"2021-04-13T05:50:54","slug":"inicio","status":"publish","type":"page","link":"https:\/\/isfd1-sgo.infd.edu.ar\/sitio\/","title":{"rendered":"Inicio"},"content":{"rendered":"<h3 style=\"text-align: center;\"><span style=\"color: #ff9900;\"><span style=\"color: #000000;\">Se hace saber a los alumnos de todas las carreras, que<\/span>\u00a0<span style=\"color: #ff0000;\"><b>las inscripciones a examen final de Abril solo estar\u00e1n habilitadas durante el d\u00ed<\/b><strong>a de hoy martes 13 de abril de 2021 hasta las 19 hs.<\/strong><\/span> <span style=\"color: #000000;\"><strong>Luego de ese horario se cierran las inscripciones de tod<\/strong>as las materias, sin importar el d\u00eda del examen, para poder comenzar con los trabajos internos de verificaci\u00f3n de las inscripciones. Recuerde que para poder inscribirse debe ingresar al siguiente link:<\/span><\/span><br \/>\n<a href=\"http:\/\/isfd1-sgo.educacionvirtualsgo.com.ar\/examenes\/inscripcionExamen.php\" target=\"_blank\" rel=\"noopener\"><b>Inscripci\u00f3n a Examen Final para Abril 2021<\/b><\/a><\/h3>\n<hr \/>\n<h2 style=\"text-align: center;\">Recuerde que nuestra p\u00e1gina oficial es <a href=\"http:\/\/www.isfd1-sgo.com.ar\" target=\"_blank\" rel=\"noopener\">www.isfd1-sgo.com.ar<\/a>\u00a0y desde ah\u00ed podr\u00e1 ingresar a los diferentes sistemas de nuestra instituci\u00f3n,\u00a0 al campus virtual de las materias y tambi\u00e9n a esta p\u00e1gina otorgada por la ISFD.<\/h2>\n<hr \/>\n<h3 style=\"text-align: center;\"><span style=\"color: #ff0000;\">Taller Proped\u00e9utico para el Profesorado de Educaci\u00f3n Secundaria de Psicolog\u00eda<\/span><\/h3>\n<h3><img decoding=\"async\" loading=\"lazy\" class=\" wp-image-1539 aligncenter\" src=\"https:\/\/isfd1-sgo.infd.edu.ar\/sitio\/wp-content\/uploads\/2021\/03\/PESP1.png\" alt=\"\" width=\"744\" height=\"686\" \/><\/h3>\n<p><img decoding=\"async\" loading=\"lazy\" class=\"alignnone wp-image-1540 aligncenter\" src=\"https:\/\/isfd1-sgo.infd.edu.ar\/sitio\/wp-content\/uploads\/2021\/03\/PESP2.png\" alt=\"\" width=\"755\" height=\"314\" \/><\/p>\n<p><img decoding=\"async\" loading=\"lazy\" class=\"size-full wp-image-1541 aligncenter\" src=\"https:\/\/isfd1-sgo.infd.edu.ar\/sitio\/wp-content\/uploads\/2021\/03\/PESP3.png\" alt=\"\" width=\"700\" height=\"488\" \/><\/p>\n<p><img decoding=\"async\" loading=\"lazy\" class=\"size-full wp-image-1542 aligncenter\" src=\"https:\/\/isfd1-sgo.infd.edu.ar\/sitio\/wp-content\/uploads\/2021\/03\/PESP4.png\" alt=\"\" width=\"684\" height=\"415\" \/><\/p>\n<h3 style=\"text-align: center;\"><span style=\"color: #ff0000;\">Taller Proped\u00e9utico para el Profesorado de Educaci\u00f3n Primaria (EPJA-Rural)<\/span><\/h3>\n<p><img decoding=\"async\" loading=\"lazy\" class=\"size-full wp-image-1532 aligncenter\" src=\"https:\/\/isfd1-sgo.infd.edu.ar\/sitio\/wp-content\/uploads\/2021\/03\/PEP1.png\" alt=\"\" width=\"735\" height=\"578\" \/><\/p>\n<p><img decoding=\"async\" loading=\"lazy\" class=\"size-full wp-image-1533 aligncenter\" src=\"https:\/\/isfd1-sgo.infd.edu.ar\/sitio\/wp-content\/uploads\/2021\/03\/PEP2.png\" alt=\"\" width=\"735\" height=\"497\" \/><\/p>\n<p><img decoding=\"async\" loading=\"lazy\" class=\" wp-image-1534 aligncenter\" src=\"https:\/\/isfd1-sgo.infd.edu.ar\/sitio\/wp-content\/uploads\/2021\/03\/PEP3.png\" alt=\"\" width=\"743\" height=\"681\" \/><\/p>\n<p><img decoding=\"async\" loading=\"lazy\" class=\" wp-image-1535 aligncenter\" src=\"https:\/\/isfd1-sgo.infd.edu.ar\/sitio\/wp-content\/uploads\/2021\/03\/PEP4.png\" alt=\"\" width=\"797\" height=\"694\" \/><\/p>\n<p><img decoding=\"async\" loading=\"lazy\" class=\" wp-image-1536 aligncenter\" src=\"https:\/\/isfd1-sgo.infd.edu.ar\/sitio\/wp-content\/uploads\/2021\/03\/PEP5.png\" alt=\"\" width=\"814\" height=\"688\" \/><\/p>\n<h3><\/h3>\n<h3 style=\"text-align: center;\"><span style=\"color: #ff0000;\">Taller Proped\u00e9utico para el Profesorado de Ingl\u00e9s<\/span><\/h3>\n<p><img decoding=\"async\" loading=\"lazy\" class=\"size-medium wp-image-1527 aligncenter\" src=\"https:\/\/isfd1-sgo.infd.edu.ar\/sitio\/wp-content\/uploads\/2021\/03\/Captura1-1000x563.png\" alt=\"\" width=\"1000\" height=\"563\" srcset=\"https:\/\/isfd1-sgo.infd.edu.ar\/sitio\/wp-content\/uploads\/2021\/03\/Captura1-1000x563.png 1000w, https:\/\/isfd1-sgo.infd.edu.ar\/sitio\/wp-content\/uploads\/2021\/03\/Captura1-768x433.png 768w, https:\/\/isfd1-sgo.infd.edu.ar\/sitio\/wp-content\/uploads\/2021\/03\/Captura1.png 1221w\" sizes=\"(max-width: 1000px) 100vw, 1000px\" \/><\/p>\n<p><img decoding=\"async\" loading=\"lazy\" class=\"alignnone size-medium wp-image-1528\" src=\"https:\/\/isfd1-sgo.infd.edu.ar\/sitio\/wp-content\/uploads\/2021\/03\/Captura2-1000x535.png\" alt=\"\" width=\"1000\" height=\"535\" srcset=\"https:\/\/isfd1-sgo.infd.edu.ar\/sitio\/wp-content\/uploads\/2021\/03\/Captura2-1000x535.png 1000w, https:\/\/isfd1-sgo.infd.edu.ar\/sitio\/wp-content\/uploads\/2021\/03\/Captura2-768x411.png 768w, https:\/\/isfd1-sgo.infd.edu.ar\/sitio\/wp-content\/uploads\/2021\/03\/Captura2.png 1223w\" sizes=\"(max-width: 1000px) 100vw, 1000px\" \/><\/p>\n<p><img decoding=\"async\" loading=\"lazy\" class=\"alignnone size-medium wp-image-1529\" src=\"https:\/\/isfd1-sgo.infd.edu.ar\/sitio\/wp-content\/uploads\/2021\/03\/Captura3-1000x566.png\" alt=\"\" width=\"1000\" height=\"566\" srcset=\"https:\/\/isfd1-sgo.infd.edu.ar\/sitio\/wp-content\/uploads\/2021\/03\/Captura3-1000x566.png 1000w, https:\/\/isfd1-sgo.infd.edu.ar\/sitio\/wp-content\/uploads\/2021\/03\/Captura3-768x435.png 768w, https:\/\/isfd1-sgo.infd.edu.ar\/sitio\/wp-content\/uploads\/2021\/03\/Captura3.png 1227w\" sizes=\"(max-width: 1000px) 100vw, 1000px\" \/><\/p>\n<p><img decoding=\"async\" loading=\"lazy\" class=\"alignnone size-medium wp-image-1530\" src=\"https:\/\/isfd1-sgo.infd.edu.ar\/sitio\/wp-content\/uploads\/2021\/03\/Captura4-1000x549.png\" alt=\"\" width=\"1000\" height=\"549\" srcset=\"https:\/\/isfd1-sgo.infd.edu.ar\/sitio\/wp-content\/uploads\/2021\/03\/Captura4-1000x549.png 1000w, https:\/\/isfd1-sgo.infd.edu.ar\/sitio\/wp-content\/uploads\/2021\/03\/Captura4-768x422.png 768w, https:\/\/isfd1-sgo.infd.edu.ar\/sitio\/wp-content\/uploads\/2021\/03\/Captura4.png 1234w\" sizes=\"(max-width: 1000px) 100vw, 1000px\" \/><\/p>\n","protected":false},"excerpt":{"rendered":"<p>Se hace saber a los alumnos de todas las carreras, que\u00a0las inscripciones a examen final de Abril solo estar\u00e1n habilitadas durante el d\u00eda de hoy martes 13 de abril de 2021 hasta las 19 hs. Luego de ese horario se cierran las inscripciones de todas las materias, sin importar el d\u00eda del examen, para poder &#8230; <a title=\"Inicio\" class=\"read-more\" href=\"https:\/\/isfd1-sgo.infd.edu.ar\/sitio\/\" aria-label=\"More on Inicio\">[+]<\/a><\/p>\n","protected":false},"author":1,"featured_media":0,"parent":0,"menu_order":0,"comment_status":"closed","ping_status":"closed","template":"","meta":[],"acf":[],"_links":{"self":[{"href":"https:\/\/isfd1-sgo.infd.edu.ar\/sitio\/wp-json\/wp\/v2\/pages\/286"}],"collection":[{"href":"https:\/\/isfd1-sgo.infd.edu.ar\/sitio\/wp-json\/wp\/v2\/pages"}],"about":[{"href":"https:\/\/isfd1-sgo.infd.edu.ar\/sitio\/wp-json\/wp\/v2\/types\/page"}],"author":[{"embeddable":true,"href":"https:\/\/isfd1-sgo.infd.edu.ar\/sitio\/wp-json\/wp\/v2\/users\/1"}],"replies":[{"embeddable":true,"href":"https:\/\/isfd1-sgo.infd.edu.ar\/sitio\/wp-json\/wp\/v2\/comments?post=286"}],"version-history":[{"count":225,"href":"https:\/\/isfd1-sgo.infd.edu.ar\/sitio\/wp-json\/wp\/v2\/pages\/286\/revisions"}],"predecessor-version":[{"id":1537,"href":"https:\/\/isfd1-sgo.infd.edu.ar\/sitio\/wp-json\/wp\/v2\/pages\/286\/revisions\/1537"}],"wp:attachment":[{"href":"https:\/\/isfd1-sgo.infd.edu.ar\/sitio\/wp-json\/wp\/v2\/media?parent=286"}],"curies":[{"name":"wp","href":"https:\/\/api.w.org\/{rel}","templated":true}]}}